{"id":233,"date":"2022-05-18T18:06:05","date_gmt":"2022-05-18T16:06:05","guid":{"rendered":"http:\/\/insearchofeurope.com\/about-in-search-of-europe\/"},"modified":"2022-06-30T20:15:05","modified_gmt":"2022-06-30T18:15:05","slug":"about-the-search","status":"publish","type":"page","link":"https:\/\/insearchofeurope.com\/en\/about-the-search\/","title":{"rendered":"About the Search"},"content":{"rendered":"<div  class='flex_column av-2obu-11a72d9e8aac02806ebb9df93795335d av_one_full  avia-builder-el-0  el_before_av_one_full  avia-builder-el-first  first flex_column_div  '     ><section  class='av_textblock_section av-l500rjox-b80823413344fe8f7778db3bee4e8489 '   itemscope=\"itemscope\" itemtype=\"https:\/\/schema.org\/CreativeWork\" ><div class='avia_textblock'  itemprop=\"text\" ><h3 style=\"text-align: center;\"><strong>The exhibition is displayed in Novi Sad<br \/>\nfrom June 26 to July 17<br \/>\nfrom &#8220;\u0160trand&#8221;, along the Quay, to the Silk Factory<\/strong><\/h3>\n<\/div><\/section><\/div>\n<div  class='flex_column av-a2b4-a4f79f56c27b025510397535085d4381 av_one_full  avia-builder-el-2  el_after_av_one_full  el_before_av_section  avia-builder-el-last  first flex_column_div  column-top-margin'     ><style type=\"text\/css\" data-created_by=\"avia_inline_auto\" id=\"style-css-av-l5000klu-60c0d8326fd7105cc316d3b6a736b776\">\n.avia-image-container.av-l5000klu-60c0d8326fd7105cc316d3b6a736b776 img.avia_image{\nbox-shadow:none;\n}\n.avia-image-container.av-l5000klu-60c0d8326fd7105cc316d3b6a736b776 .av-image-caption-overlay-center{\ncolor:#ffffff;\n}\n<\/style>\n<div  class='avia-image-container av-l5000klu-60c0d8326fd7105cc316d3b6a736b776 av-styling- avia-align-center  avia-builder-el-3  avia-builder-el-no-sibling '   itemprop=\"image\" itemscope=\"itemscope\" itemtype=\"https:\/\/schema.org\/ImageObject\" ><div class=\"avia-image-container-inner\"><div class=\"avia-image-overlay-wrap\"><img decoding=\"async\" fetchpriority=\"high\" class='wp-image-292 avia-img-lazy-loading-not-292 avia_image ' src=\"https:\/\/insearchofeurope.com\/wp-content\/uploads\/2022\/06\/plakat-zuta.png\" alt='' title='plakat-zuta'  height=\"2835\" width=\"1984\"  itemprop=\"thumbnailUrl\" srcset=\"https:\/\/insearchofeurope.com\/wp-content\/uploads\/2022\/06\/plakat-zuta.png 1984w, https:\/\/insearchofeurope.com\/wp-content\/uploads\/2022\/06\/plakat-zuta-210x300.png 210w, https:\/\/insearchofeurope.com\/wp-content\/uploads\/2022\/06\/plakat-zuta-721x1030.png 721w, https:\/\/insearchofeurope.com\/wp-content\/uploads\/2022\/06\/plakat-zuta-768x1097.png 768w, https:\/\/insearchofeurope.com\/wp-content\/uploads\/2022\/06\/plakat-zuta-1075x1536.png 1075w, https:\/\/insearchofeurope.com\/wp-content\/uploads\/2022\/06\/plakat-zuta-1433x2048.png 1433w, https:\/\/insearchofeurope.com\/wp-content\/uploads\/2022\/06\/plakat-zuta-1050x1500.png 1050w, https:\/\/insearchofeurope.com\/wp-content\/uploads\/2022\/06\/plakat-zuta-493x705.png 493w\" sizes=\"(max-width: 1984px) 100vw, 1984px\" \/><\/div><\/div><\/div><\/div>\n<\/div><\/div><\/div><!-- close content main div --><\/div><\/div><div id='av_section_1'  class='avia-section av-rtg-b12656a90d637379ca4543d79be15758 main_color avia-section-default avia-no-border-styling  avia-builder-el-4  el_after_av_one_full  el_before_av_hr  avia-bg-style-scroll container_wrap sidebar_right'  ><div class='container av-section-cont-open' ><div class='template-page content  av-content-small alpha units'><div class='post-entry post-entry-type-page post-entry-233'><div class='entry-content-wrapper clearfix'>\n<div  class='flex_column av-5rx2-4291c382f28c3f8738ff6d8ba984b2f2 av_one_half  avia-builder-el-5  el_before_av_one_half  avia-builder-el-first  first flex_column_div  '     ><section  class='av_textblock_section av-l500au1g-6c632314d85b17aee43d66e8666bc9bb '   itemscope=\"itemscope\" itemtype=\"https:\/\/schema.org\/CreativeWork\" ><div class='avia_textblock'  itemprop=\"text\" ><h1>About the Search of Europe<\/h1>\n<blockquote>\n<p>&#8220;In Search of Europe&#8221; is a story about the creation of post-war Europe and the Europe we have yet to create.<\/p>\n<\/blockquote>\n<p>The exhibition reminds us of the historical, moral, and political dilemmas that the post-Holocaust Europe was faced with, and touches on the complex social changes and processes that shaped post-war societies and defined the fundamental European values of civil rights, respect for human dignity, and democracy, and thus enabled the creation of Europe as we know it today. At the same time, addressed to both the individual and the entire European society, it poses questions about what kind of Europe we want tomorrow.<\/p>\n<p>Passers-by walking along the panels, or stopping at the &#8220;reflecting stations&#8221;, are an inseparable part of the exhibition, the central part of which is dialogue, reflection, and exchange with and among citizens.<\/p>\n<p>Conceptually, it is divided into three parts:<\/p>\n<ul>\n<li>Facing the Past,<\/li>\n<li>Reconciliation,<\/li>\n<li>Democratic Reforms &#8211; EUpilog.<\/li>\n<\/ul>\n<\/div><\/section><\/div><div  class='flex_column av-3n4w-06dc126f8f4af162bd93f388ccd5bdc0 av_one_half  avia-builder-el-7  el_after_av_one_half  avia-builder-el-last  flex_column_div  '     ><section  class='av_textblock_section av-l500fhxh-135b97b116e771741a4eba0a008ff029 '   itemscope=\"itemscope\" itemtype=\"https:\/\/schema.org\/CreativeWork\" ><div class='avia_textblock'  itemprop=\"text\" ><h2>Production<\/h2>\n<p>Production: <a href=\"https:\/\/terraforming.org\/sr\/\"><strong>Terraforming<\/strong><\/a><br \/>\nAuthor: <strong>Mi\u0161ko Stani\u0161i\u0107<\/strong><br \/>\nCurators: <strong>Nevena Bajalica<\/strong>, <strong>Benjamin Fischer<\/strong> and <strong>Petra Ardai<\/strong><br \/>\nArt Director: <strong>Andrea Pala\u0161ti<\/strong><br \/>\nDesign: <strong>Darko Vukovi\u0107<\/strong><br \/>\nPrint: <strong>Atom d.o.o.<\/strong><br \/>\nOrganization and realization: <a href=\"https:\/\/terraforming.org\/sr\/\">Terraforming<\/a> team &#8211; <strong>Ljiljana \u0106umura<\/strong>, <strong>Sne\u017eana Vrani\u0107<\/strong>, <strong>Violeta Vojkan<br \/>\n<\/strong>Contact: <a href=\"https:\/\/terraforming.org\/contact\/\">www.terraforming.org<\/a><\/p>\n<h3>Special thanks:<\/h3>\n<p>The exhibition is supported by:<\/p>\n<ul>\n<li><a href=\"https:\/\/novisad2022.rs\/\">Foundation &#8220;Novi Sad &#8211; European Capital of Culture&#8221;<\/a>,<\/li>\n<li><a href=\"https:\/\/serbia.fes.de\/\">Friedrich Ebert Foundation<\/a> and<\/li>\n<li><a href=\"https:\/\/www.swedenabroad.se\/sr\/embassies\/srbija-beograd\/\">the Swedish Embassy in Belgrade<\/a><\/li>\n<\/ul>\n<\/div><\/section><\/div><\/div><\/div><\/div><!-- close content main div --><\/div><\/div><div id='after_section_1'  class='main_color av_default_container_wrap container_wrap sidebar_right'  ><div class='container av-section-cont-open' ><div class='template-page content  av-content-small alpha units'><div class='post-entry post-entry-type-page post-entry-233'><div class='entry-content-wrapper clearfix'>\n<style type=\"text\/css\" data-created_by=\"avia_inline_auto\" id=\"style-css-av-l5040uwa-e3fc9eb4b615f543d2a032b9e38d7ec3\">\n#top .hr.hr-invisible.av-l5040uwa-e3fc9eb4b615f543d2a032b9e38d7ec3{\nheight:100px;\n}\n<\/style>\n<div  class='hr av-l5040uwa-e3fc9eb4b615f543d2a032b9e38d7ec3 hr-invisible  avia-builder-el-9  el_after_av_section  avia-builder-el-no-sibling '><span class='hr-inner '><span class=\"hr-inner-style\"><\/span><\/span><\/div><\/p>\n","protected":false},"excerpt":{"rendered":"","protected":false},"author":1,"featured_media":282,"parent":0,"menu_order":0,"comment_status":"closed","ping_status":"closed","template":"","meta":{"footnotes":""},"class_list":["post-233","page","type-page","status-publish","has-post-thumbnail","hentry"],"jetpack_sharing_enabled":true,"_links":{"self":[{"href":"https:\/\/insearchofeurope.com\/en\/wp-json\/wp\/v2\/pages\/233","targetHints":{"allow":["GET"]}}],"collection":[{"href":"https:\/\/insearchofeurope.com\/en\/wp-json\/wp\/v2\/pages"}],"about":[{"href":"https:\/\/insearchofeurope.com\/en\/wp-json\/wp\/v2\/types\/page"}],"author":[{"embeddable":true,"href":"https:\/\/insearchofeurope.com\/en\/wp-json\/wp\/v2\/users\/1"}],"replies":[{"embeddable":true,"href":"https:\/\/insearchofeurope.com\/en\/wp-json\/wp\/v2\/comments?post=233"}],"version-history":[{"count":14,"href":"https:\/\/insearchofeurope.com\/en\/wp-json\/wp\/v2\/pages\/233\/revisions"}],"predecessor-version":[{"id":311,"href":"https:\/\/insearchofeurope.com\/en\/wp-json\/wp\/v2\/pages\/233\/revisions\/311"}],"wp:featuredmedia":[{"embeddable":true,"href":"https:\/\/insearchofeurope.com\/en\/wp-json\/wp\/v2\/media\/282"}],"wp:attachment":[{"href":"https:\/\/insearchofeurope.com\/en\/wp-json\/wp\/v2\/media?parent=233"}],"curies":[{"name":"wp","href":"https:\/\/api.w.org\/{rel}","templated":true}]}}